{"id":3699,"date":"2024-08-14T12:25:31","date_gmt":"2024-08-14T12:25:31","guid":{"rendered":"https:\/\/ramadasibiu.ro\/?page_id=3699"},"modified":"2025-05-07T10:33:16","modified_gmt":"2025-05-07T10:33:16","slug":"cariere","status":"publish","type":"page","link":"https:\/\/ramadasibiu.ro\/en\/cariere\/","title":{"rendered":"Careers"},"content":{"rendered":"<div data-elementor-type=\"wp-page\" data-elementor-id=\"3699\" class=\"elementor elementor-3699\" data-elementor-post-type=\"page\">\n\t\t\t\t<div class=\"elementor-element elementor-element-c1bfad6 e-flex e-con-boxed e-con e-parent\" data-id=\"c1bfad6\" data-element_type=\"container\" data-settings=\"{&quot;background_background&quot;:&quot;classic&quot;}\">\n\t\t\t\t\t<div class=\"e-con-inner\">\n\t\t\t\t<div class=\"elementor-element elementor-element-88ef532 elementor-widget elementor-widget-heading\" data-id=\"88ef532\" data-element_type=\"widget\" data-widget_type=\"heading.default\">\n\t\t\t\t<div class=\"elementor-widget-container\">\n\t\t\t<style>\/*! elementor - v3.23.0 - 05-08-2024 *\/\n.elementor-heading-title{padding:0;margin:0;line-height:1}.elementor-widget-heading .elementor-heading-title[class*=elementor-size-]>a{color:inherit;font-size:inherit;line-height:inherit}.elementor-widget-heading .elementor-heading-title.elementor-size-small{font-size:15px}.elementor-widget-heading .elementor-heading-title.elementor-size-medium{font-size:19px}.elementor-widget-heading .elementor-heading-title.elementor-size-large{font-size:29px}.elementor-widget-heading .elementor-heading-title.elementor-size-xl{font-size:39px}.elementor-widget-heading .elementor-heading-title.elementor-size-xxl{font-size:59px}<\/style><h2 class=\"elementor-heading-title elementor-size-default\">Careers<\/h2>\t\t<\/div>\n\t\t\t\t<\/div>\n\t\t\t\t\t<\/div>\n\t\t\t\t<\/div>\n\t\t<div class=\"elementor-element elementor-element-0860f02 e-con-full e-flex e-con e-parent\" data-id=\"0860f02\" data-element_type=\"container\">\n\t\t\t\t<div class=\"elementor-element elementor-element-bd26c06 elementor-widget elementor-widget-heading\" data-id=\"bd26c06\" data-element_type=\"widget\" data-widget_type=\"heading.default\">\n\t\t\t\t<div class=\"elementor-widget-container\">\n\t\t\t<h2 class=\"elementor-heading-title elementor-size-default\">Selecta\u021bi postul dorit pentru a fi direc\u021bionat c\u0103tre persoana de contact corespunz\u0103toare.<\/h2>\t\t<\/div>\n\t\t\t\t<\/div>\n\t\t\t\t<\/div>\n\t\t<div class=\"elementor-element elementor-element-9564cef e-flex e-con-boxed e-con e-parent\" data-id=\"9564cef\" data-element_type=\"container\">\n\t\t\t\t\t<div class=\"e-con-inner\">\n\t\t<div data-eael-wrapper-link=\"{&quot;url&quot;:&quot;tel:0751%20519%20247&quot;,&quot;is_external&quot;:&quot;&quot;,&quot;nofollow&quot;:&quot;&quot;}\" class=\"elementor-element elementor-element-f4c1bfb e-con-full e-flex e-con e-child\" data-id=\"f4c1bfb\" data-element_type=\"container\">\n\t\t\t\t<div class=\"elementor-element elementor-element-7edfb81 elementor-widget elementor-widget-heading\" data-id=\"7edfb81\" data-element_type=\"widget\" data-widget_type=\"heading.default\">\n\t\t\t\t<div class=\"elementor-widget-container\">\n\t\t\t<style>\/*! elementor - v3.23.0 - 05-08-2024 *\/\n.elementor-heading-title{padding:0;margin:0;line-height:1}.elementor-widget-heading .elementor-heading-title[class*=elementor-size-]>a{color:inherit;font-size:inherit;line-height:inherit}.elementor-widget-heading .elementor-heading-title.elementor-size-small{font-size:15px}.elementor-widget-heading .elementor-heading-title.elementor-size-medium{font-size:19px}.elementor-widget-heading .elementor-heading-title.elementor-size-large{font-size:29px}.elementor-widget-heading .elementor-heading-title.elementor-size-xl{font-size:39px}.elementor-widget-heading .elementor-heading-title.elementor-size-xxl{font-size:59px}<\/style><h2 class=\"elementor-heading-title elementor-size-default\">Personal sp\u0103lat vase mari \u2013 Buc\u0103t\u0103rie<\/h2>\t\t<\/div>\n\t\t\t\t<\/div>\n\t\t\t\t<\/div>\n\t\t<div data-eael-wrapper-link=\"{&quot;url&quot;:&quot;tel:0751%20519%20247&quot;,&quot;is_external&quot;:&quot;&quot;,&quot;nofollow&quot;:&quot;&quot;}\" class=\"elementor-element elementor-element-faa8413 e-con-full e-flex e-con e-child\" data-id=\"faa8413\" data-element_type=\"container\">\n\t\t\t\t<div class=\"elementor-element elementor-element-6828890 elementor-widget elementor-widget-heading\" data-id=\"6828890\" data-element_type=\"widget\" data-widget_type=\"heading.default\">\n\t\t\t\t<div class=\"elementor-widget-container\">\n\t\t\t<h2 class=\"elementor-heading-title elementor-size-default\">Osp\u0103tar A la Carte \u2013 Restaurant<\/h2>\t\t<\/div>\n\t\t\t\t<\/div>\n\t\t\t\t<\/div>\n\t\t<div data-eael-wrapper-link=\"{&quot;url&quot;:&quot;mailto:rocsana.borda@ramadasibiu.ro?subject=Anun\\u021b%20angajare%20-%20Front%20Office&quot;,&quot;is_external&quot;:&quot;&quot;,&quot;nofollow&quot;:&quot;&quot;}\" class=\"elementor-element elementor-element-6b7a4ec e-con-full e-flex e-con e-child\" data-id=\"6b7a4ec\" data-element_type=\"container\">\n\t\t\t\t<div class=\"elementor-element elementor-element-8cb19e6 elementor-widget elementor-widget-heading\" data-id=\"8cb19e6\" data-element_type=\"widget\" data-widget_type=\"heading.default\">\n\t\t\t\t<div class=\"elementor-widget-container\">\n\t\t\t<h2 class=\"elementor-heading-title elementor-size-default\">Recep\u021bioner\/\u0103 \u2013 Front Office<\/h2>\t\t<\/div>\n\t\t\t\t<\/div>\n\t\t\t\t<\/div>\n\t\t<div data-eael-wrapper-link=\"{&quot;url&quot;:&quot;tel:0744%20791%20866&quot;,&quot;is_external&quot;:&quot;&quot;,&quot;nofollow&quot;:&quot;&quot;}\" class=\"elementor-element elementor-element-ef9dfaf e-con-full e-flex e-con e-child\" data-id=\"ef9dfaf\" data-element_type=\"container\">\n\t\t\t\t<div class=\"elementor-element elementor-element-13d1aee elementor-widget elementor-widget-heading\" data-id=\"13d1aee\" data-element_type=\"widget\" data-widget_type=\"heading.default\">\n\t\t\t\t<div class=\"elementor-widget-container\">\n\t\t\t<h2 class=\"elementor-heading-title elementor-size-default\">Camerist\u0103 \u2013 Housekeeping<\/h2>\t\t<\/div>\n\t\t\t\t<\/div>\n\t\t\t\t<\/div>\n\t\t\t\t\t<\/div>\n\t\t\t\t<\/div>\n\t\t<div class=\"elementor-element elementor-element-a2866f2 e-flex e-con-boxed e-con e-parent\" data-id=\"a2866f2\" data-element_type=\"container\">\n\t\t\t\t\t<div class=\"e-con-inner\">\n\t\t<div class=\"elementor-element elementor-element-7723183 e-con-full e-flex e-con e-child\" data-id=\"7723183\" data-element_type=\"container\">\n\t\t\t\t<div class=\"elementor-element elementor-element-302113c elementor-widget elementor-widget-text-editor\" data-id=\"302113c\" data-element_type=\"widget\" data-widget_type=\"text-editor.default\">\n\t\t\t\t<div class=\"elementor-widget-container\">\n\t\t\t<style>\/*! elementor - v3.23.0 - 05-08-2024 *\/\n.elementor-widget-text-editor.elementor-drop-cap-view-stacked .elementor-drop-cap{background-color:#69727d;color:#fff}.elementor-widget-text-editor.elementor-drop-cap-view-framed .elementor-drop-cap{color:#69727d;border:3px solid;background-color:transparent}.elementor-widget-text-editor:not(.elementor-drop-cap-view-default) .elementor-drop-cap{margin-top:8px}.elementor-widget-text-editor:not(.elementor-drop-cap-view-default) .elementor-drop-cap-letter{width:1em;height:1em}.elementor-widget-text-editor .elementor-drop-cap{float:left;text-align:center;line-height:1;font-size:50px}.elementor-widget-text-editor .elementor-drop-cap-letter{display:inline-block}<\/style>\t\t\t\t<p><span style=\"font-weight: 400;\">At <strong>Ramada Sibiu<\/strong>, we know that success is due to the involvement and passion of our team. We strive to provide not only excellent service to our guests, but also a positive and motivating work environment for colleagues, where every contribution is valued.<\/span><\/p><p><span style=\"font-weight: 400;\">We are constantly looking for talented and enthusiastic people who want to develop professionally and personally. If you want a career in hospitality, whether you're just starting out or an experienced professional, we want to get to know you.<\/span><\/p>\t\t\t\t\t\t<\/div>\n\t\t\t\t<\/div>\n\t\t\t\t<div class=\"elementor-element elementor-element-5c5cca3 elementor-widget elementor-widget-heading\" data-id=\"5c5cca3\" data-element_type=\"widget\" data-widget_type=\"heading.default\">\n\t\t\t\t<div class=\"elementor-widget-container\">\n\t\t\t<h2 class=\"elementor-heading-title elementor-size-default\">Hospitality in Career\n<\/h2>\t\t<\/div>\n\t\t\t\t<\/div>\n\t\t\t\t<div class=\"elementor-element elementor-element-86b42fd elementor-widget elementor-widget-text-editor\" data-id=\"86b42fd\" data-element_type=\"widget\" data-widget_type=\"text-editor.default\">\n\t\t\t\t<div class=\"elementor-widget-container\">\n\t\t\t\t\t\t\t<div class=\"flex max-w-full flex-col flex-grow\"><div class=\"min-h-[20px] text-message flex w-full flex-col items-end gap-2 whitespace-normal break-words [.text-message+&amp;]:mt-5\" dir=\"auto\" data-message-author-role=\"assistant\" data-message-id=\"77810e51-00e7-40d5-8401-deafa1ce25fc\"><div class=\"flex w-full flex-col gap-1 empty:hidden first:pt-[3px]\"><div class=\"markdown prose w-full break-words dark:prose-invert light\"><p><span style=\"font-weight: 400;\">You have the opportunity to work alongside professionals with decades of experience in the hospitality industry, who will give you the support and knowledge you need to hone your skills. Hospitality is about people, and with us you'll learn from the best, helping to create unforgettable experiences for our guests.<\/span><\/p><\/div><\/div><\/div><\/div>\t\t\t\t\t\t<\/div>\n\t\t\t\t<\/div>\n\t\t\t\t<\/div>\n\t\t<div class=\"elementor-element elementor-element-811542b e-con-full e-flex e-con e-child\" data-id=\"811542b\" data-element_type=\"container\">\n\t\t\t\t<div class=\"elementor-element elementor-element-36af686 elementor-widget elementor-widget-image\" data-id=\"36af686\" data-element_type=\"widget\" data-widget_type=\"image.default\">\n\t\t\t\t<div class=\"elementor-widget-container\">\n\t\t\t<style>\/*! elementor - v3.23.0 - 05-08-2024 *\/\n.elementor-widget-image{text-align:center}.elementor-widget-image a{display:inline-block}.elementor-widget-image a img[src$=\".svg\"]{width:48px}.elementor-widget-image img{vertical-align:middle;display:inline-block}<\/style>\t\t\t\t\t\t\t\t\t\t<img fetchpriority=\"high\" decoding=\"async\" width=\"800\" height=\"600\" src=\"https:\/\/ramadasibiu.ro\/wp-content\/uploads\/2024\/10\/WhatsApp-Image-2024-10-21-at-13.12.06-1024x768.jpeg\" class=\"attachment-large size-large wp-image-4836\" alt=\"\" srcset=\"https:\/\/ramadasibiu.ro\/wp-content\/uploads\/2024\/10\/WhatsApp-Image-2024-10-21-at-13.12.06-1024x768.jpeg.webp 1024w, https:\/\/ramadasibiu.ro\/wp-content\/uploads\/2024\/10\/WhatsApp-Image-2024-10-21-at-13.12.06-300x225.jpeg.webp 300w, https:\/\/ramadasibiu.ro\/wp-content\/uploads\/2024\/10\/WhatsApp-Image-2024-10-21-at-13.12.06-768x576.jpeg.webp 768w, https:\/\/ramadasibiu.ro\/wp-content\/uploads\/2024\/10\/WhatsApp-Image-2024-10-21-at-13.12.06-1536x1152.jpeg.webp 1536w, https:\/\/ramadasibiu.ro\/wp-content\/uploads\/2024\/10\/WhatsApp-Image-2024-10-21-at-13.12.06.jpeg.webp 1600w\" sizes=\"(max-width: 800px) 100vw, 800px\" \/>\t\t\t\t\t\t\t\t\t\t\t\t\t<\/div>\n\t\t\t\t<\/div>\n\t\t\t\t<\/div>\n\t\t\t\t\t<\/div>\n\t\t\t\t<\/div>\n\t\t<div class=\"elementor-element elementor-element-c86ae7a e-flex e-con-boxed e-con e-parent\" data-id=\"c86ae7a\" data-element_type=\"container\" data-settings=\"{&quot;background_background&quot;:&quot;classic&quot;,&quot;background_motion_fx_motion_fx_scrolling&quot;:&quot;yes&quot;,&quot;background_motion_fx_translateY_effect&quot;:&quot;yes&quot;,&quot;background_motion_fx_translateY_speed&quot;:{&quot;unit&quot;:&quot;px&quot;,&quot;size&quot;:6,&quot;sizes&quot;:[]},&quot;background_motion_fx_translateY_affectedRange&quot;:{&quot;unit&quot;:&quot;%&quot;,&quot;size&quot;:&quot;&quot;,&quot;sizes&quot;:{&quot;start&quot;:0,&quot;end&quot;:100}},&quot;background_motion_fx_devices&quot;:[&quot;desktop&quot;,&quot;tablet&quot;,&quot;mobile&quot;]}\">\n\t\t\t\t\t<div class=\"e-con-inner\">\n\t\t\t\t\t<\/div>\n\t\t\t\t<\/div>\n\t\t\t\t<\/div>","protected":false},"excerpt":{"rendered":"<p>Cariere Selecta\u021bi postul dorit pentru a fi direc\u021bionat c\u0103tre persoana de contact corespunz\u0103toare. Personal sp\u0103lat vase mari \u2013 Buc\u0103t\u0103rie Osp\u0103tar A la Carte \u2013 Restaurant Recep\u021bioner\/\u0103 \u2013 Front Office Camerist\u0103 \u2013 Housekeeping La Ramada Sibiu, \u0219tim c\u0103 succesul se datoreaz\u0103 implic\u0103rii \u0219i pasiunii echipei noastre. Ne str\u0103duim s\u0103 oferim nu doar servicii excelente oaspe\u021bilor no\u0219tri, [&hellip;]<\/p>","protected":false},"author":3,"featured_media":0,"parent":0,"menu_order":0,"comment_status":"closed","ping_status":"closed","template":"","meta":{"footnotes":""},"class_list":["post-3699","page","type-page","status-publish","hentry"],"_links":{"self":[{"href":"https:\/\/ramadasibiu.ro\/en\/wp-json\/wp\/v2\/pages\/3699","targetHints":{"allow":["GET"]}}],"collection":[{"href":"https:\/\/ramadasibiu.ro\/en\/wp-json\/wp\/v2\/pages"}],"about":[{"href":"https:\/\/ramadasibiu.ro\/en\/wp-json\/wp\/v2\/types\/page"}],"author":[{"embeddable":true,"href":"https:\/\/ramadasibiu.ro\/en\/wp-json\/wp\/v2\/users\/3"}],"replies":[{"embeddable":true,"href":"https:\/\/ramadasibiu.ro\/en\/wp-json\/wp\/v2\/comments?post=3699"}],"version-history":[{"count":73,"href":"https:\/\/ramadasibiu.ro\/en\/wp-json\/wp\/v2\/pages\/3699\/revisions"}],"predecessor-version":[{"id":5577,"href":"https:\/\/ramadasibiu.ro\/en\/wp-json\/wp\/v2\/pages\/3699\/revisions\/5577"}],"wp:attachment":[{"href":"https:\/\/ramadasibiu.ro\/en\/wp-json\/wp\/v2\/media?parent=3699"}],"curies":[{"name":"wp","href":"https:\/\/api.w.org\/{rel}","templated":true}]}}