{"id":3719,"date":"2024-08-14T16:41:22","date_gmt":"2024-08-14T16:41:22","guid":{"rendered":"https:\/\/ramadasibiu.ro\/?page_id=3719"},"modified":"2024-09-25T15:11:05","modified_gmt":"2024-09-25T15:11:05","slug":"termeni-si-conditii","status":"publish","type":"page","link":"https:\/\/ramadasibiu.ro\/en\/termeni-si-conditii\/","title":{"rendered":"Termeni \u0219i Condi\u021bii"},"content":{"rendered":"<div data-elementor-type=\"wp-page\" data-elementor-id=\"3719\" class=\"elementor elementor-3719\" data-elementor-post-type=\"page\">\n\t\t\t\t<div class=\"elementor-element elementor-element-76b7df2 e-flex e-con-boxed e-con e-parent\" data-id=\"76b7df2\" data-element_type=\"container\" data-settings=\"{&quot;background_background&quot;:&quot;classic&quot;}\">\n\t\t\t\t\t<div class=\"e-con-inner\">\n\t\t\t\t<div class=\"elementor-element elementor-element-24be917 elementor-widget elementor-widget-heading\" data-id=\"24be917\" data-element_type=\"widget\" data-widget_type=\"heading.default\">\n\t\t\t\t<div class=\"elementor-widget-container\">\n\t\t\t<style>\/*! elementor - v3.23.0 - 05-08-2024 *\/\n.elementor-heading-title{padding:0;margin:0;line-height:1}.elementor-widget-heading .elementor-heading-title[class*=elementor-size-]>a{color:inherit;font-size:inherit;line-height:inherit}.elementor-widget-heading .elementor-heading-title.elementor-size-small{font-size:15px}.elementor-widget-heading .elementor-heading-title.elementor-size-medium{font-size:19px}.elementor-widget-heading .elementor-heading-title.elementor-size-large{font-size:29px}.elementor-widget-heading .elementor-heading-title.elementor-size-xl{font-size:39px}.elementor-widget-heading .elementor-heading-title.elementor-size-xxl{font-size:59px}<\/style><h2 class=\"elementor-heading-title elementor-size-default\">Terms and Conditions<\/h2>\t\t<\/div>\n\t\t\t\t<\/div>\n\t\t\t\t\t<\/div>\n\t\t\t\t<\/div>\n\t\t<div class=\"elementor-element elementor-element-0b8eec6 e-flex e-con-boxed e-con e-parent\" data-id=\"0b8eec6\" data-element_type=\"container\">\n\t\t\t\t\t<div class=\"e-con-inner\">\n\t\t\t\t<div class=\"elementor-element elementor-element-8f8428f elementor-widget elementor-widget-text-editor\" data-id=\"8f8428f\" data-element_type=\"widget\" data-widget_type=\"text-editor.default\">\n\t\t\t\t<div class=\"elementor-widget-container\">\n\t\t\t<style>\/*! elementor - v3.23.0 - 05-08-2024 *\/\n.elementor-widget-text-editor.elementor-drop-cap-view-stacked .elementor-drop-cap{background-color:#69727d;color:#fff}.elementor-widget-text-editor.elementor-drop-cap-view-framed .elementor-drop-cap{color:#69727d;border:3px solid;background-color:transparent}.elementor-widget-text-editor:not(.elementor-drop-cap-view-default) .elementor-drop-cap{margin-top:8px}.elementor-widget-text-editor:not(.elementor-drop-cap-view-default) .elementor-drop-cap-letter{width:1em;height:1em}.elementor-widget-text-editor .elementor-drop-cap{float:left;text-align:center;line-height:1;font-size:50px}.elementor-widget-text-editor .elementor-drop-cap-letter{display:inline-block}<\/style>\t\t\t\t<p><strong>Ramada Sibiu Hotel<\/strong>\u00a0guarantees the security and confidentiality of all data hosted and transmitted through its computer system. Your data personal data may, however, be transmitted to authorities entitled to verify commercial transactions or to other authorities entitled to carry out any checks justified by law, if this will be requested in accordance with the laws in force.<\/p><p><strong>Reservation guarantee conditions<\/strong><\/p><ul><li>Non-guaranteed reservations are retained by the hotel until 3 p.m. on the day of arrival, after which the hotel reserves the right to release the retained room without prior notification.<\/li><li>In order to guarantee your reservation, please send us the details of a valid credit\/debit card.<\/li><li>The rates include: - buffet breakfast that can be served daily between 06:30 a.m.-11:00 a.m. and VAT (9%) and local tax (1%)<\/li><li>Payment is made in lei at the BNR exchange rate from the date of the invoice.<\/li><li>Check in: after 02.00 pm Check out: until 12.00 pm<\/li><li>Arrival before 14:00 a.m. and departure after 12:00 p.m. will be honored by the hotel depending on its availability at that time.<\/li><li>Reservations guaranteed by credit card or by the company\/agency will be held all night.<\/li><li>The deadline for canceling a reservation, without charging penalties, is 12:00 p.m. one day before arrival.<\/li><li>For cancellations made within less than 24 hours or in case of no-show, the value of the first night's accommodation is charged from the company\/agency\/credit card offered as a guarantee.<\/li><li>In case of no-show, the hotel reserves the right to release the room\/rooms for the rest of the stay.<\/li><li>For reservations requested during legal holidays or fairs, the Hotel reserves the right to request, to guarantee the reservation, the details of a valid credit card or a deposit representing the value of the first night's stay.<\/li><\/ul><p>If the hotel cannot honor all accepted and\/or confirmed reservations, it undertakes to ensure:<\/p><ul><li>Alternative accommodation at a hotel of the same category or a higher category<\/li><li>Free return transport between the Ramada Sibiu hotel and the location where the relocation took place<\/li><li>Two (2) international telephone calls and, if necessary, the transmission of telephone messages to the relocated guests.<\/li><li>The possibility of the guest to move back to the Hotel once the first room is released. If a room becomes available and the guest chooses not to return to the hotel, the Hotel will not have any obligation provided in this section.<\/li><\/ul><p>The visitors of this site, as well as our guests, acknowledge and agree to the terms and conditions mentioned above.<\/p>\t\t\t\t\t\t<\/div>\n\t\t\t\t<\/div>\n\t\t\t\t<div class=\"elementor-element elementor-element-16f4fd5 elementor-widget elementor-widget-menu-anchor\" data-id=\"16f4fd5\" data-element_type=\"widget\" data-widget_type=\"menu-anchor.default\">\n\t\t\t\t<div class=\"elementor-widget-container\">\n\t\t\t<style>\/*! elementor - v3.23.0 - 05-08-2024 *\/\nbody.elementor-page .elementor-widget-menu-anchor{margin-bottom:0}<\/style>\t\t<div class=\"elementor-menu-anchor\" id=\"1\"><\/div>\n\t\t\t\t<\/div>\n\t\t\t\t<\/div>\n\t\t\t\t<div class=\"elementor-element elementor-element-1bc8093 elementor-widget elementor-widget-text-editor\" data-id=\"1bc8093\" data-element_type=\"widget\" data-widget_type=\"text-editor.default\">\n\t\t\t\t<div class=\"elementor-widget-container\">\n\t\t\t\t\t\t\t<p><b>Clasification Certificates<\/b><\/p><ul><li><a href=\"https:\/\/ramadasibiu.ro\/wp-content\/uploads\/2018\/08\/certificat-de-clasificare-hotel.pdf\">Certificat Clasificare Hotel (*.pdf)<\/a><\/li><li><a href=\"https:\/\/ramadasibiu.ro\/wp-content\/uploads\/2018\/08\/certificat-clasificare-restaurant.pdf\">Certificat Clasificare Restaurant (*.pdf)<\/a><\/li><li><a href=\"https:\/\/ramadasibiu.ro\/wp-content\/uploads\/2018\/08\/certificate-de-clasificare-baruri.pdf\">Certificat Clasificare Baruri (*.pdf)<\/a><\/li><\/ul>\t\t\t\t\t\t<\/div>\n\t\t\t\t<\/div>\n\t\t\t\t\t<\/div>\n\t\t\t\t<\/div>\n\t\t\t\t<\/div>","protected":false},"excerpt":{"rendered":"<p>Termeni \u0219i Condi\u021bii Hotel Ramada Sibiu\u00a0garanteaz\u0103 securitatea \u015fi confiden\u0163ialitatea tuturor datelor g\u0103zduite \u015fi transmise prin sistemul s\u0103u informatic. Datele dvs. personale vor putea fi \u00eens\u0103 transmise autorit\u0103\u0163ilor \u00een drept s\u0103 verifice tranzac\u0163iile comerciale sau altor autorit\u0103\u0163i \u00een drept s\u0103 efectueze orice verific\u0103ri justificate \u00een baza legii, dac\u0103 acest lucru va fi solicitat \u00een conformitate cu [&hellip;]<\/p>","protected":false},"author":3,"featured_media":0,"parent":0,"menu_order":0,"comment_status":"closed","ping_status":"closed","template":"","meta":{"footnotes":""},"class_list":["post-3719","page","type-page","status-publish","hentry"],"_links":{"self":[{"href":"https:\/\/ramadasibiu.ro\/en\/wp-json\/wp\/v2\/pages\/3719","targetHints":{"allow":["GET"]}}],"collection":[{"href":"https:\/\/ramadasibiu.ro\/en\/wp-json\/wp\/v2\/pages"}],"about":[{"href":"https:\/\/ramadasibiu.ro\/en\/wp-json\/wp\/v2\/types\/page"}],"author":[{"embeddable":true,"href":"https:\/\/ramadasibiu.ro\/en\/wp-json\/wp\/v2\/users\/3"}],"replies":[{"embeddable":true,"href":"https:\/\/ramadasibiu.ro\/en\/wp-json\/wp\/v2\/comments?post=3719"}],"version-history":[{"count":13,"href":"https:\/\/ramadasibiu.ro\/en\/wp-json\/wp\/v2\/pages\/3719\/revisions"}],"predecessor-version":[{"id":4321,"href":"https:\/\/ramadasibiu.ro\/en\/wp-json\/wp\/v2\/pages\/3719\/revisions\/4321"}],"wp:attachment":[{"href":"https:\/\/ramadasibiu.ro\/en\/wp-json\/wp\/v2\/media?parent=3719"}],"curies":[{"name":"wp","href":"https:\/\/api.w.org\/{rel}","templated":true}]}}