{"id":3961,"date":"2024-09-23T08:16:59","date_gmt":"2024-09-23T08:16:59","guid":{"rendered":"https:\/\/ramadasibiu.ro\/?page_id=3961"},"modified":"2024-09-23T23:34:24","modified_gmt":"2024-09-23T23:34:24","slug":"politica-de-confidentialitate","status":"publish","type":"page","link":"https:\/\/ramadasibiu.ro\/en\/politica-de-confidentialitate\/","title":{"rendered":"Politica de Confiden\u021bialitate"},"content":{"rendered":"<div data-elementor-type=\"wp-page\" data-elementor-id=\"3961\" class=\"elementor elementor-3961\" data-elementor-post-type=\"page\">\n\t\t\t\t<div class=\"elementor-element elementor-element-a057fe2 e-flex e-con-boxed e-con e-parent\" data-id=\"a057fe2\" data-element_type=\"container\" data-settings=\"{&quot;background_background&quot;:&quot;classic&quot;}\">\n\t\t\t\t\t<div class=\"e-con-inner\">\n\t\t\t\t<div class=\"elementor-element elementor-element-7b7251b elementor-widget elementor-widget-heading\" data-id=\"7b7251b\" data-element_type=\"widget\" data-widget_type=\"heading.default\">\n\t\t\t\t<div class=\"elementor-widget-container\">\n\t\t\t<style>\/*! elementor - v3.23.0 - 05-08-2024 *\/\n.elementor-heading-title{padding:0;margin:0;line-height:1}.elementor-widget-heading .elementor-heading-title[class*=elementor-size-]>a{color:inherit;font-size:inherit;line-height:inherit}.elementor-widget-heading .elementor-heading-title.elementor-size-small{font-size:15px}.elementor-widget-heading .elementor-heading-title.elementor-size-medium{font-size:19px}.elementor-widget-heading .elementor-heading-title.elementor-size-large{font-size:29px}.elementor-widget-heading .elementor-heading-title.elementor-size-xl{font-size:39px}.elementor-widget-heading .elementor-heading-title.elementor-size-xxl{font-size:59px}<\/style><h2 class=\"elementor-heading-title elementor-size-default\">Politica de Confiden\u021bialitate<\/h2>\t\t<\/div>\n\t\t\t\t<\/div>\n\t\t\t\t\t<\/div>\n\t\t\t\t<\/div>\n\t\t<div class=\"elementor-element elementor-element-97e7225 e-flex e-con-boxed e-con e-parent\" data-id=\"97e7225\" data-element_type=\"container\">\n\t\t\t\t\t<div class=\"e-con-inner\">\n\t\t\t\t<div class=\"elementor-element elementor-element-b84b7dd elementor-widget elementor-widget-text-editor\" data-id=\"b84b7dd\" data-element_type=\"widget\" data-widget_type=\"text-editor.default\">\n\t\t\t\t<div class=\"elementor-widget-container\">\n\t\t\t<style>\/*! elementor - v3.23.0 - 05-08-2024 *\/\n.elementor-widget-text-editor.elementor-drop-cap-view-stacked .elementor-drop-cap{background-color:#69727d;color:#fff}.elementor-widget-text-editor.elementor-drop-cap-view-framed .elementor-drop-cap{color:#69727d;border:3px solid;background-color:transparent}.elementor-widget-text-editor:not(.elementor-drop-cap-view-default) .elementor-drop-cap{margin-top:8px}.elementor-widget-text-editor:not(.elementor-drop-cap-view-default) .elementor-drop-cap-letter{width:1em;height:1em}.elementor-widget-text-editor .elementor-drop-cap{float:left;text-align:center;line-height:1;font-size:50px}.elementor-widget-text-editor .elementor-drop-cap-letter{display:inline-block}<\/style>\t\t\t\t<h4>Introducere<\/h4><p>Este foarte important pentru noi s\u0103 realiz\u0103m o informare corect\u0103 a utilizatorilor acestui website cu privire la politica noastr\u0103 de confiden\u021bialitate a datelor dvs. personale, a\u0219a \u00eenc\u00e2t, \u00een cele ce urmeaz\u0103, v\u0103 punem la dispozi\u021bie informa\u021bii precise cu privire la ce fel de date colect\u0103m de la dvs., cum le folosim, \u00een ce scop le folosim \u0219i care sunt drepturile dvs., \u00een acest context.<\/p><p>\u00cen primul r\u00e2nd trebuie s\u0103 definim, \u0219i este important s\u0103 \u00een\u021belege\u021bi, expresia:\u00a0<strong>\u201eDate Personale\u201d<\/strong>. Ea reprezint\u0103 \u00een mod generic orice fel de informa\u021bie despre o persoan\u0103 fizic\u0103, a c\u0103rei particularit\u0103\u021bi poate conduce, direct sau indirect, la identificarea acesteia. Vom enumera, aici, cu titlu de exemplu, dar f\u0103r\u0103 a limita la acestea: numele \u0219i prenumele, adresa geografic\u0103, orice num\u0103r de identificare, orientarea politic\u0103, orientarea sexual\u0103, adresa de email, orice informa\u021bii despre localizare \u0219i orice alt identificator online precum dispozitivul folosit pentru accesarea internetului, adresa IP sau informa\u021biile ob\u021binute prin cookie-uri.<\/p><p>\u00cen ce prive\u0219te acordul dvs., \u00een contextul colect\u0103rii \u0219i folosirii datelor personale, am luat toate m\u0103surile tehnice pentru ca s\u0103 ne pute\u021bi oferi acest acord \u00een deplin\u0103 cuno\u0219tin\u021b\u0103 de cauz\u0103, de la prima \u0219i p\u00e2n\u0103 la ultima interac\u021biune cu acest site.<\/p>\t\t\t\t\t\t<\/div>\n\t\t\t\t<\/div>\n\t\t\t\t<div class=\"elementor-element elementor-element-d7d9b39 elementor-widget elementor-widget-heading\" data-id=\"d7d9b39\" data-element_type=\"widget\" data-widget_type=\"heading.default\">\n\t\t\t\t<div class=\"elementor-widget-container\">\n\t\t\t<h2 class=\"elementor-heading-title elementor-size-default\">Protec\u021bia datelor cu caracter personal<\/h2>\t\t<\/div>\n\t\t\t\t<\/div>\n\t\t\t\t<div class=\"elementor-element elementor-element-dd90c1d elementor-widget elementor-widget-text-editor\" data-id=\"dd90c1d\" data-element_type=\"widget\" data-widget_type=\"text-editor.default\">\n\t\t\t\t<div class=\"elementor-widget-container\">\n\t\t\t\t\t\t\t<p>Scopul nostru comercial, prin raportare la obiectul de activitate al societ\u0103\u021bii noastre, este prestarea de servicii \u00een domeniul hospitalier, al alimenta\u021biei publice \u0219i organiz\u0103rii de evenimente de orice tip, etc, iar noile reguli de protec\u021bie a datelor cu caracter personal (GDPR), ce ne sunt opozabile, fac parte din acest context. Prin urmare, ne angaj\u0103m:<\/p><ul><li>s\u0103 protej\u0103m confiden\u021bialitatea datelor dvs., aceasta reprezent\u00e2nd o prioritate deosebit\u0103 pentru conducerea companiei noastre;<\/li><li>s\u0103 folosim aceste date pentru unicul scop de a v\u0103 oferi o experien\u021b\u0103 personalizat\u0103 at\u00e2t pe website-ul nostru, c\u00e2t \u0219i eventual pe platformele online pe care ne-am putea promova produsele \u0219i serviciile (Facebook \u0219i Google, etc).<\/li><\/ul>\t\t\t\t\t\t<\/div>\n\t\t\t\t<\/div>\n\t\t\t\t<div class=\"elementor-element elementor-element-f458d91 elementor-widget elementor-widget-heading\" data-id=\"f458d91\" data-element_type=\"widget\" data-widget_type=\"heading.default\">\n\t\t\t\t<div class=\"elementor-widget-container\">\n\t\t\t<h2 class=\"elementor-heading-title elementor-size-default\">Modul de utilizare a datelor dvs. personale<\/h2>\t\t<\/div>\n\t\t\t\t<\/div>\n\t\t\t\t<div class=\"elementor-element elementor-element-1c4210d elementor-widget elementor-widget-text-editor\" data-id=\"1c4210d\" data-element_type=\"widget\" data-widget_type=\"text-editor.default\">\n\t\t\t\t<div class=\"elementor-widget-container\">\n\t\t\t\t\t\t\t<p>Datele dvs. personale vor fi utilizate doar dac\u0103 avem acordul dvs., \u00een mai multe moduri, \u00een func\u021bie de natura \u0219i specificul lor. Mai jos am detaliat toate tipurile de date pe care le colect\u0103m \u0219i cum le folosim ulterior:<\/p><h4>Adresa de email<\/h4><p>\u00cen cazul \u00een care ne-a\u021bi furnizat adresa dvs. de email, aceasta va putea fi utilizat\u0103 de noi pentru a v\u0103 trimite emailuri de informare cu privire la oferte legate de produsele \u0219i serviciile noastre, la contracte \u00een vederea semn\u0103rii, la facturi legate de achizi\u021bii, dar \u0219i la articolele \u0219i resursele conexe activit\u0103\u021bii noastre, pe care le public\u0103m periodic pe acest site;<\/p><h4>Numele \u0219i Prenumele<\/h4><p>\u00cen cazul \u00een care ne-a\u021bi furnizat Numele \u0219i Prenumele dvs., vom putea folosi aceste date pentru a personaliza email-urile pe care le primi\u021bi de la noi.<\/p><p>Platforma pe care o folosim este pentru prezentarea produselor \u0219i serviciilor noastre, \u0219i ne permite personalizarea, pe baza datelor furnizate, a experien\u021bei dvs. \u00een rela\u021bia cu noi, at\u00e2t \u00een mediul online, c\u00e2t \u0219i \u00een rela\u021bionarea direct\u0103. \u00cen acest din urm\u0103 context, acolo unde, \u0219i dac\u0103, este cazul, am putea folosi aceste date pentru a \u00eencheia contracte, exprese ori implicite, \u00eentre compania noastr\u0103 \u0219i dvs.;<\/p><h4>Func\u021bia profesional\u0103<\/h4><p>\u00cen cazul \u00een care a fost necesar s\u0103 ne furniza\u021bi func\u021bia dvs. profesional\u0103, aceste date vor putea fi folosite pentru a personaliza email-urile ori contractele pe care le primi\u021bi de la noi, \u0219i \u00een general, pentru a particulariza experien\u021ba dvs. cu noi;<\/p><h4>Num\u0103rul de telefon<\/h4><p>\u00cen cazul \u00een care ne-a\u021bi furnizat num\u0103rul de telefon, aceste date vor putea fi folosite pentru a v\u0103 putea contacta direct, \u00een cazul \u00een care achizi\u021biona\u021bi unul sau mai multe din produsele \u0219i serviciile noastre, \u00een scopul inform\u0103rii cu privire la eventuale modific\u0103ri, \u00een scopul confirm\u0103rii datelor sau pentru orice alte situa\u021bii ce ar impune contactarea dvs. rapid\u0103;<\/p><h4>Datele companiei (datele de facturare)<\/h4><p>\u00cen cazul \u00een care ne-a\u021bi furnizat datele companiei unde sunte\u021bi asociat, angajat, titular ori administrator, cum ar fi C.N.P. (la P.F.A.\/I.I.), C.U.I., Num\u0103rul de \u00eenregistrare la Registrul Comer\u021bului, adresa sediului companiei, contul bancar, numele b\u0103ncii, numele \u0219i func\u021bia reprezentantului legal, vom putea utiliza aceste date pentru a \u00eencheia contracte prealabil convenite cu dvs.;<\/p><h4>Datele despre browser\/IP\/dispozitiv<\/h4><p>\u00cen cazul \u00een care a\u021bi fost de acord s\u0103 le colect\u0103m, vom putea colecta detalii despre browser-ul folosit, adresa IP, despre dispozitiv, cum ar fi modelul de hardware, versiunea sistemului de operare,\u00a0identificatorii unici ai dispozitivului \u00a0\u0219i informa\u021bii despre re\u021beaua mobil\u0103, inclusiv num\u0103rul de telefon. Folosim aceste date pentru a determina cum folosi\u021bi site-ul nostru, scopul fiind s\u0103 facem schimb\u0103rile necesare pentru ca dvs. s\u0103 g\u0103si\u021bi mai u\u0219or informa\u021biile pe care le c\u0103uta\u021bi;<\/p><p><strong>Identificatorii unici ai dispozitivului<\/strong>\u00a0(denumi\u021bi uneori ID universal unic sau UUID) reprezint\u0103 un \u0219ir de caractere integrat de produc\u0103tor \u00eentr-un dispozitiv. Acesta poate fi utilizat pentru a identifica dispozitivul \u00een mod exact (de exemplu, num\u0103rul IMEI al unui telefon mobil). Diver\u0219ii identificatori de dispozitiv difer\u0103 din mai multe puncte de vedere: valabilitate, dac\u0103 pot sau nu s\u0103 fie reseta\u021bi de utilizatori \u0219i modul \u00een care pot fi accesa\u021bi. Un anumit dispozitiv poate avea mai mul\u021bi identificatori unici diferi\u021bi. Identificatorii unici de dispozitiv pot fi utiliza\u021bi \u00een diverse scopuri, inclusiv pentru securitate \u0219i pentru a detecta fraudele, pentru a sincroniza serviciile, de exemplu, mesajele primite pe adresa de e-mail a unui utilizator, pentru a re\u021bine preferin\u021bele utilizatorului \u0219i pentru a difuza reclame relevante.<\/p><p>Vom mai putea utiliza:<\/p><h4>Memoria cache pentru datele aplica\u021biilor<\/h4><p>O memorie cache pentru datele aplica\u021biei este un depozit de date de pe un dispozitiv. Poate, de exemplu, s\u0103 permit\u0103 unei aplica\u021bii web s\u0103 ruleze f\u0103r\u0103 conexiune la internet \u0219i poate \u00eembun\u0103t\u0103\u021bi performan\u021ba aplica\u021biei permi\u021b\u00e2nd \u00eenc\u0103rcarea mai rapid\u0103 a con\u021binutului.<\/p><h4>Stocarea datelor de pe web prin browser<\/h4><p>Stocarea datelor de pe web prin browser permite site-urilor s\u0103 stocheze date \u00eentr-un browser de pe dispozitiv. C\u00e2nd este folosit\u0103 \u00een modul \u201estocare local\u0103\u201d, func\u021bia permite salvarea datelor \u00eentre sesiuni (de exemplu, pentru ca datele s\u0103 poat\u0103 fi recuperate \u0219i dup\u0103 \u00eenchiderea \u0219i redeschiderea browserului). O tehnologie care permite stocarea datelor de pe web este HTML 5.<\/p><h4>Cookie-urile \u0219i tehnologiile similare<\/h4><p>Politica de cookie-uri este detaliat\u0103 \u00eentr-o sec\u021biune separat\u0103, pe prezenta pagin\u0103.<\/p><h4>Dispozitiv<\/h4><p>Un dispozitiv este un computer care poate fi folosit pentru a accesa website-ul \u0219i serviciile noastre. De exemplu, un dispozitiv poate fi un computer, o tablet\u0103, un smartphone, sau orice alt aparat electronic dotat cu capacit\u0103\u021bi necesare unui browser \u0219i care se conecteaz\u0103 la internet.<\/p><h4>Antetul HTTP surs\u0103<\/h4><p>Antetul HTTP surs\u0103 condvs. informa\u021biile transmise de un browser web unei pagini web de destina\u021bie, de obicei, c\u00e2nd da\u021bi clic pe un link c\u0103tre respectiva pagin\u0103 web. Antetul HTTP surs\u0103 condvs. adresa URL a ultimei pagini web accesate de browserul respectiv.<\/p><h4>Informa\u0163ii care nu sunt de identificare personal\u0103<\/h4><p>Acestea constituie informa\u0163ii \u00eenregistrate cu privire la utilizatori, astfel \u00eenc\u00e2t s\u0103 nu mai reflecte \u015fi s\u0103 nu mai fac\u0103 trimitere la un utilizator ce poate fi identificat \u00een mod individual.<\/p><h4>Eticheta pixel<\/h4><p>O etichet\u0103 pixel este un tip de tehnologie plasat\u0103 pe un site web sau \u00een con\u0163inutul unui e-mail, \u00een scopul urm\u0103ririi activit\u0103\u0163ii pe site-uri web sau al momentului c\u00e2nd e-mailurile sunt deschise sau accesate \u015fi adesea este utilizat\u0103 \u00een combina\u0163ie cu cookie-urile.<\/p><h4>Informa\u0163ii personale delicate<\/h4><p>Aceasta este o categorie special\u0103 de informa\u0163ii personale, asociate cu informa\u0163ii medicale confiden\u0163iale, cu originea rasial\u0103 sau etnic\u0103, cu convingerile politice sau religioase sau cu orientarea sexual\u0103.<\/p><h4>Jurnale de server<\/h4><p>La fel ca \u00een cazul majorit\u0103\u021bii site-urilor web, serverele noastre \u00eenregistreaz\u0103 \u00een mod automat solicit\u0103rile de pagini efectuate c\u00e2nd un utilizator acceseaz\u0103 site-urile noastre web. Aceste \u201ejurnale de server\u201d includ, de obicei, solicitarea dvs. web, adresa IP, tipul de browser, limba browser-ului, data \u015fi ora solicit\u0103rii \u015fi unul sau mai multe cookie-uri care pot identifica \u00een mod precis browser-ul dvs.<\/p><h4>Sumar<\/h4><p>Nu sunte\u021bi obligat s\u0103 ne furniza\u021bi niciun fel de date, ci totul \u021bine strict de op\u021biunea dvs., \u00eens\u0103 este important s\u0103 \u00een\u021belege\u021bi c\u0103 f\u0103r\u0103 ele rela\u021bionarea dvs. cu noi poate fi limitat\u0103, \u0219i c\u0103 anumite p\u0103r\u021bi din website este posibil s\u0103 nu func\u021bioneze corect, s\u0103 nu putem colabora, sau s\u0103 nu v\u0103 putem anun\u021ba cu privire la produsele \u0219i serviciile din portofoliul nostru de care a\u021bi putea fi interesat. La r\u00e2ndul nostru, enumerarea celor de mai sus nu incumb\u0103 colectarea obligatorie a tuturor acestor date, ci este posibil s\u0103 colect\u0103m doar o parte dintre ele, \u00een func\u021bie de op\u021biunile dvs. \u00een rela\u021bionarea cu noi.<\/p>\t\t\t\t\t\t<\/div>\n\t\t\t\t<\/div>\n\t\t\t\t<div class=\"elementor-element elementor-element-1c3a7e9 elementor-widget elementor-widget-heading\" data-id=\"1c3a7e9\" data-element_type=\"widget\" data-widget_type=\"heading.default\">\n\t\t\t\t<div class=\"elementor-widget-container\">\n\t\t\t<h2 class=\"elementor-heading-title elementor-size-default\">Partajarea datelor personale<\/h2>\t\t<\/div>\n\t\t\t\t<\/div>\n\t\t\t\t<div class=\"elementor-element elementor-element-33b0e74 elementor-widget elementor-widget-text-editor\" data-id=\"33b0e74\" data-element_type=\"widget\" data-widget_type=\"text-editor.default\">\n\t\t\t\t<div class=\"elementor-widget-container\">\n\t\t\t\t\t\t\t<p>Datele colectate sunt folosite strict \u00een scopul \u00eembun\u0103t\u0103\u021birii rela\u021biei dvs. cu noi. Nu vindem, nu cesion\u0103m, nu punem la dispozi\u021bie sub nicio form\u0103 datele dvs. c\u0103tre ter\u021be p\u0103r\u021bi. Oferim produse \u0219i servicii care se bazeaz\u0103 pe \u00eencrederea clien\u021bilor \u0219i a poten\u021bialilor clien\u021bi, iar siguran\u021ba datelor personale este esen\u021bial\u0103 \u00een acest proces.<\/p><p>\u00cen cazul \u00een care vom furniza datele utilizatorilor acestui site c\u0103tre diver\u0219i parteneri contractuali cu care colabor\u0103m, ne vom asigura c\u0103 v\u0103 vom cere prealabil acordul, iar contractele cu ace\u0219tia vor con\u021bine clauze de confiden\u021bialitate.<\/p><p>Vor putea exista cazuri excep\u021bionale \u0219i doar pe baza unor cereri oficiale, \u00een care vom furniza datele utilizatorilor acestui site c\u0103tre institu\u021biile publice care aplic\u0103 legea \u00een Rom\u00e2nia.<\/p><p>Singurele date despre utilizatorii acestui site, la care ter\u021be p\u0103r\u021bi au acces, sunt agregate \u0219i anonimizate \u2013 pe baza c\u0103rora utilizatorii nu pot fi identifica\u021bi.<\/p><p>Este posibil s\u0103 facem publice\u00a0informa\u021bii care nu v\u0103 identific\u0103 personal\u00a0\u0219i s\u0103 permitem accesul partenerilor (ca editorii, advertiserii sau site-urile conectate) la acestea. De exemplu, este posibil s\u0103 facem publice informa\u021bii\u00a0pentru a indica tendin\u021bele\u00a0cu privire la folosirea general\u0103 a serviciilor noastre.<\/p><p>\u00cen cazul \u00een care compania noastr\u0103 este implicat\u0103 \u00eentr-o fuziune, \u00eentr-o achizi\u0163ie sau \u00eentr-o v\u00e2nzare de active, vom continua s\u0103 asigur\u0103m confiden\u0163ialitatea tuturor informa\u0163iilor cu caracter personal \u015fi vom notifica utilizatorii afecta\u0163i \u00eenainte ca informa\u0163iile cu caracter personal s\u0103 fie transferate sau s\u0103 intre sub inciden\u0163a unei alte Politici de confiden\u0163ialitate.<\/p>\t\t\t\t\t\t<\/div>\n\t\t\t\t<\/div>\n\t\t\t\t<div class=\"elementor-element elementor-element-f32f1b9 elementor-widget elementor-widget-heading\" data-id=\"f32f1b9\" data-element_type=\"widget\" data-widget_type=\"heading.default\">\n\t\t\t\t<div class=\"elementor-widget-container\">\n\t\t\t<h2 class=\"elementor-heading-title elementor-size-default\">Mesajele noastre de marketing<\/h2>\t\t<\/div>\n\t\t\t\t<\/div>\n\t\t\t\t<div class=\"elementor-element elementor-element-195bd9c elementor-widget elementor-widget-text-editor\" data-id=\"195bd9c\" data-element_type=\"widget\" data-widget_type=\"text-editor.default\">\n\t\t\t\t<div class=\"elementor-widget-container\">\n\t\t\t\t\t\t\t<p>\u00cen cazul \u00een care avem acordul dvs., v\u0103 vom putea trimite, prin email, mesaje de marketing cu scopul de a v\u0103 informa despre elemente ale activit\u0103\u021bii noastre care v-ar putea interesa, evenimente pe care ar urma s\u0103 le organiz\u0103m, despre articolele noi publicate pe acest site \u0219i despre articole utile publicate pe alte site-uri de pe internet.<\/p><h4>Dezabonare de la newsletter<\/h4><p>V\u0103 pute\u021bi dezabona de la newsletter \u00een orice moment, folosind una dintre metodele de mai jos:<\/p><ul><li>Prin click pe link-ul de dezabonare din orice newsletter primit deja de la noi;<\/li><li>Prin trimiterea unui email c\u0103tre noi, \u00een care s\u0103 solicita\u021bi dezabonarea.<\/li><\/ul><p>Ne vom asigura c\u0103 nu ve\u021bi mai primi mesajele noastre de marketing prin email. Solicitarea va fi rezolvat\u0103 \u00een termen de maxim 48h de la primire.<\/p>\t\t\t\t\t\t<\/div>\n\t\t\t\t<\/div>\n\t\t\t\t<div class=\"elementor-element elementor-element-7150c39 elementor-widget elementor-widget-heading\" data-id=\"7150c39\" data-element_type=\"widget\" data-widget_type=\"heading.default\">\n\t\t\t\t<div class=\"elementor-widget-container\">\n\t\t\t<h2 class=\"elementor-heading-title elementor-size-default\">Adresarea utilizatorilor prin publicitate online<\/h2>\t\t<\/div>\n\t\t\t\t<\/div>\n\t\t\t\t<div class=\"elementor-element elementor-element-49c0bc1 elementor-widget elementor-widget-text-editor\" data-id=\"49c0bc1\" data-element_type=\"widget\" data-widget_type=\"text-editor.default\">\n\t\t\t\t<div class=\"elementor-widget-container\">\n\t\t\t\t\t\t\t<p>Ocazional, putem desf\u0103\u0219ura campanii de publicitate online pentru a v\u0103 informa despre produsele \u0219i serviciile pe care le oferim \u0219i\/sau despre articolele publicate pe acest site.<\/p><p>\u00cen acest scop, folosim re\u021bele principale de socializare \u0219i publicitate, Facebook \u0219i Google, etc, precum \u0219i mai multe tehnici de identificare a utilizatorilor \u00een cadrul campaniilor \u2013 pe baza datelor demografice (sex, v\u00e2rst\u0103, repartizare geografic\u0103, proximitate), sau a intereselor \u2013 aceste informa\u021bii fiind puse la dispozi\u021bia noastr\u0103 de c\u0103tre re\u021belele amintite mai sus.<\/p><p>V\u0103 aducem la cuno\u0219tin\u021b\u0103 \u00een mod expres c\u0103 exist\u0103 cazuri \u00een care ve\u021bi vedea reclamele noastre pe alte site-uri. Acestea sunt afi\u0219ate pe baza informa\u021biilor pe care noi le avem despre dvs. (spre exemplu, c\u00e2nd vizita\u021bi sau v\u0103 \u00eenscrie\u021bi pe pagina noastr\u0103, ve\u021bi putea fi adresat apoi, pe Facebook sau \u00een re\u021beaua de parteneri Google, cu reclam\u0103 alte produse\/servicii auxiliare).<\/p>\t\t\t\t\t\t<\/div>\n\t\t\t\t<\/div>\n\t\t\t\t<div class=\"elementor-element elementor-element-593fdf5 elementor-widget elementor-widget-heading\" data-id=\"593fdf5\" data-element_type=\"widget\" data-widget_type=\"heading.default\">\n\t\t\t\t<div class=\"elementor-widget-container\">\n\t\t\t<h2 class=\"elementor-heading-title elementor-size-default\">Drepturile dvs. \u00een raport cu datele colectate<\/h2>\t\t<\/div>\n\t\t\t\t<\/div>\n\t\t\t\t<div class=\"elementor-element elementor-element-d9e7859 elementor-widget elementor-widget-text-editor\" data-id=\"d9e7859\" data-element_type=\"widget\" data-widget_type=\"text-editor.default\">\n\t\t\t\t<div class=\"elementor-widget-container\">\n\t\t\t\t\t\t\t<p>Acestea sunt drepturile dvs., \u00een contextul colect\u0103rii de c\u0103tre noi \u0219i prelucr\u0103rii datelor ce v\u0103 apar\u021bin.<\/p><ul><li>Dreptul de a fi informat cu privire la cum sunt colectate \u0219i folosite datele dvs.;<\/li><li>Dreptul de a accesa datele pe care le avem despre dvs.;<\/li><li>Dreptul de a cere rectificarea datelor pe care le avem despre dvs.;<\/li><li>Dreptul de a solicita \u0219tergerea datelor pe care le avem despre dvs.;<\/li><li>Dreptul de a solicita oprirea trimiterii de mesaje de marketing c\u0103tre dvs.;<\/li><li>Dreptul de a solicita trimiterea datelor dvs. personale c\u0103tre dvs. sau c\u0103tre un alt operator;<\/li><li>Dreptul de a depune o pl\u00e2ngere, cu referire la folosirea datelor dvs., c\u0103tre organele abilitate;<\/li><li>Dreptul de a v\u0103 retrage acordul.<\/li><\/ul><p>Drepturile de mai sus nu sunt absolute, \u0219i exist\u0103 excep\u021bii de la acestea, \u00een condi\u021bii bine determinate. Pentru orice \u00eentreb\u0103ri, v\u0103 rug\u0103m s\u0103 ne contacta\u021bi trimi\u021b\u00e2nd un email, ori acces\u00e2nd aceast\u0103 pagin\u0103.<\/p>\t\t\t\t\t\t<\/div>\n\t\t\t\t<\/div>\n\t\t\t\t<div class=\"elementor-element elementor-element-8939544 elementor-widget elementor-widget-heading\" data-id=\"8939544\" data-element_type=\"widget\" data-widget_type=\"heading.default\">\n\t\t\t\t<div class=\"elementor-widget-container\">\n\t\t\t<h2 class=\"elementor-heading-title elementor-size-default\">Politica Cookie-urilor<\/h2>\t\t<\/div>\n\t\t\t\t<\/div>\n\t\t\t\t<div class=\"elementor-element elementor-element-51a72d2 elementor-widget elementor-widget-text-editor\" data-id=\"51a72d2\" data-element_type=\"widget\" data-widget_type=\"text-editor.default\">\n\t\t\t\t<div class=\"elementor-widget-container\">\n\t\t\t\t\t\t\t<p>Acest website utilizeaz\u0103 cookie-uri. Pentru mai multe informa\u021bii despre cookie-uri, v\u0103 rug\u0103m s\u0103 accesa\u021bi pagina dedicat\u0103, unde le ve\u021bi g\u0103si grupate pe categorii.<\/p><p>De asemenea, cu un click pe butonul de mai jos v\u0103 pute\u021bi revizui acordul oferit pe acest site pentru acceptarea cookie-urilor.<\/p>\t\t\t\t\t\t<\/div>\n\t\t\t\t<\/div>\n\t\t\t\t<div class=\"elementor-element elementor-element-7d9115b elementor-widget elementor-widget-heading\" data-id=\"7d9115b\" data-element_type=\"widget\" data-widget_type=\"heading.default\">\n\t\t\t\t<div class=\"elementor-widget-container\">\n\t\t\t<h2 class=\"elementor-heading-title elementor-size-default\">Contacta\u021bi-ne<\/h2>\t\t<\/div>\n\t\t\t\t<\/div>\n\t\t\t\t<div class=\"elementor-element elementor-element-90ebbde elementor-widget elementor-widget-text-editor\" data-id=\"90ebbde\" data-element_type=\"widget\" data-widget_type=\"text-editor.default\">\n\t\t\t\t<div class=\"elementor-widget-container\">\n\t\t\t\t\t\t\t<p>V\u0103 st\u0103m la dispozi\u021bie cu orice fel de informa\u021bii legate produsele \u0219i serviciile noastre, sau cu privire la orice informa\u021bii suplimentare legate de felul \u00een care colect\u0103m \u0219i utiliz\u0103m datele dvs. personale. \u00cen acest sens v\u0103 rug\u0103m s\u0103 ne trimite\u021bi un email din pagina de contact..<\/p><p>Noile reglement\u0103ri legate de protec\u021bia datelor dvs. au fost publicate pe site-ul oficial \u00een mai 2018. Prin urmare, recomandarea noastr\u0103 e s\u0103 lua\u021bi m\u0103surile necesare, atunci c\u00e2nd ave\u021bi motive s\u0103 crede\u021bi c\u0103 reglement\u0103rile sunt \u00eenc\u0103lcate.<\/p>\t\t\t\t\t\t<\/div>\n\t\t\t\t<\/div>\n\t\t\t\t\t<\/div>\n\t\t\t\t<\/div>\n\t\t\t\t<\/div>","protected":false},"excerpt":{"rendered":"<p>Politica de Confiden\u021bialitate Introducere Este foarte important pentru noi s\u0103 realiz\u0103m o informare corect\u0103 a utilizatorilor acestui website cu privire la politica noastr\u0103 de confiden\u021bialitate a datelor dvs. personale, a\u0219a \u00eenc\u00e2t, \u00een cele ce urmeaz\u0103, v\u0103 punem la dispozi\u021bie informa\u021bii precise cu privire la ce fel de date colect\u0103m de la dvs., cum le folosim, [&hellip;]<\/p>","protected":false},"author":3,"featured_media":0,"parent":0,"menu_order":0,"comment_status":"closed","ping_status":"closed","template":"","meta":{"footnotes":""},"class_list":["post-3961","page","type-page","status-publish","hentry"],"_links":{"self":[{"href":"https:\/\/ramadasibiu.ro\/en\/wp-json\/wp\/v2\/pages\/3961","targetHints":{"allow":["GET"]}}],"collection":[{"href":"https:\/\/ramadasibiu.ro\/en\/wp-json\/wp\/v2\/pages"}],"about":[{"href":"https:\/\/ramadasibiu.ro\/en\/wp-json\/wp\/v2\/types\/page"}],"author":[{"embeddable":true,"href":"https:\/\/ramadasibiu.ro\/en\/wp-json\/wp\/v2\/users\/3"}],"replies":[{"embeddable":true,"href":"https:\/\/ramadasibiu.ro\/en\/wp-json\/wp\/v2\/comments?post=3961"}],"version-history":[{"count":7,"href":"https:\/\/ramadasibiu.ro\/en\/wp-json\/wp\/v2\/pages\/3961\/revisions"}],"predecessor-version":[{"id":4104,"href":"https:\/\/ramadasibiu.ro\/en\/wp-json\/wp\/v2\/pages\/3961\/revisions\/4104"}],"wp:attachment":[{"href":"https:\/\/ramadasibiu.ro\/en\/wp-json\/wp\/v2\/media?parent=3961"}],"curies":[{"name":"wp","href":"https:\/\/api.w.org\/{rel}","templated":true}]}}