{"id":6125,"date":"2025-12-12T10:36:46","date_gmt":"2025-12-12T10:36:46","guid":{"rendered":"https:\/\/ramadasibiu.ro\/?page_id=6125"},"modified":"2025-12-12T10:58:04","modified_gmt":"2025-12-12T10:58:04","slug":"craciun-acasa","status":"publish","type":"page","link":"https:\/\/ramadasibiu.ro\/en\/craciun-acasa\/","title":{"rendered":"Craciun Acasa"},"content":{"rendered":"<div data-elementor-type=\"wp-page\" data-elementor-id=\"6125\" class=\"elementor elementor-6125\" data-elementor-post-type=\"page\">\n\t\t\t\t<div class=\"elementor-element elementor-element-4ffd2dd e-flex e-con-boxed e-con e-parent\" data-id=\"4ffd2dd\" data-element_type=\"container\" data-settings=\"{&quot;background_background&quot;:&quot;classic&quot;}\">\n\t\t\t\t\t<div class=\"e-con-inner\">\n\t\t<div class=\"elementor-element elementor-element-95a04b8 e-flex e-con-boxed e-con e-child\" data-id=\"95a04b8\" data-element_type=\"container\" data-settings=\"{&quot;background_background&quot;:&quot;classic&quot;}\">\n\t\t\t\t\t<div class=\"e-con-inner\">\n\t\t\t\t<div class=\"elementor-element elementor-element-27b9208 elementor-widget elementor-widget-heading\" data-id=\"27b9208\" data-element_type=\"widget\" data-widget_type=\"heading.default\">\n\t\t\t\t<div class=\"elementor-widget-container\">\n\t\t\t<style>\/*! elementor - v3.23.0 - 05-08-2024 *\/\n.elementor-heading-title{padding:0;margin:0;line-height:1}.elementor-widget-heading .elementor-heading-title[class*=elementor-size-]>a{color:inherit;font-size:inherit;line-height:inherit}.elementor-widget-heading .elementor-heading-title.elementor-size-small{font-size:15px}.elementor-widget-heading .elementor-heading-title.elementor-size-medium{font-size:19px}.elementor-widget-heading .elementor-heading-title.elementor-size-large{font-size:29px}.elementor-widget-heading .elementor-heading-title.elementor-size-xl{font-size:39px}.elementor-widget-heading .elementor-heading-title.elementor-size-xxl{font-size:59px}<\/style><h2 class=\"elementor-heading-title elementor-size-default\">Noi g\u0103tim. Tu te bucuri de s\u0103rb\u0103toare.<\/h2>\t\t<\/div>\n\t\t\t\t<\/div>\n\t\t\t\t<div class=\"elementor-element elementor-element-b1eb312 elementor-widget-divider--view-line elementor-widget elementor-widget-divider\" data-id=\"b1eb312\" data-element_type=\"widget\" data-widget_type=\"divider.default\">\n\t\t\t\t<div class=\"elementor-widget-container\">\n\t\t\t<style>\/*! elementor - v3.23.0 - 05-08-2024 *\/\n.elementor-widget-divider{--divider-border-style:none;--divider-border-width:1px;--divider-color:#0c0d0e;--divider-icon-size:20px;--divider-element-spacing:10px;--divider-pattern-height:24px;--divider-pattern-size:20px;--divider-pattern-url:none;--divider-pattern-repeat:repeat-x}.elementor-widget-divider .elementor-divider{display:flex}.elementor-widget-divider .elementor-divider__text{font-size:15px;line-height:1;max-width:95%}.elementor-widget-divider .elementor-divider__element{margin:0 var(--divider-element-spacing);flex-shrink:0}.elementor-widget-divider .elementor-icon{font-size:var(--divider-icon-size)}.elementor-widget-divider .elementor-divider-separator{display:flex;margin:0;direction:ltr}.elementor-widget-divider--view-line_icon .elementor-divider-separator,.elementor-widget-divider--view-line_text .elementor-divider-separator{align-items:center}.elementor-widget-divider--view-line_icon .elementor-divider-separator:after,.elementor-widget-divider--view-line_icon .elementor-divider-separator:before,.elementor-widget-divider--view-line_text .elementor-divider-separator:after,.elementor-widget-divider--view-line_text .elementor-divider-separator:before{display:block;content:\"\";border-block-end:0;flex-grow:1;border-block-start:var(--divider-border-width) var(--divider-border-style) var(--divider-color)}.elementor-widget-divider--element-align-left .elementor-divider .elementor-divider-separator>.elementor-divider__svg:first-of-type{flex-grow:0;flex-shrink:100}.elementor-widget-divider--element-align-left .elementor-divider-separator:before{content:none}.elementor-widget-divider--element-align-left .elementor-divider__element{margin-left:0}.elementor-widget-divider--element-align-right .elementor-divider .elementor-divider-separator>.elementor-divider__svg:last-of-type{flex-grow:0;flex-shrink:100}.elementor-widget-divider--element-align-right .elementor-divider-separator:after{content:none}.elementor-widget-divider--element-align-right .elementor-divider__element{margin-right:0}.elementor-widget-divider--element-align-start .elementor-divider .elementor-divider-separator>.elementor-divider__svg:first-of-type{flex-grow:0;flex-shrink:100}.elementor-widget-divider--element-align-start .elementor-divider-separator:before{content:none}.elementor-widget-divider--element-align-start .elementor-divider__element{margin-inline-start:0}.elementor-widget-divider--element-align-end .elementor-divider .elementor-divider-separator>.elementor-divider__svg:last-of-type{flex-grow:0;flex-shrink:100}.elementor-widget-divider--element-align-end .elementor-divider-separator:after{content:none}.elementor-widget-divider--element-align-end .elementor-divider__element{margin-inline-end:0}.elementor-widget-divider:not(.elementor-widget-divider--view-line_text):not(.elementor-widget-divider--view-line_icon) .elementor-divider-separator{border-block-start:var(--divider-border-width) var(--divider-border-style) var(--divider-color)}.elementor-widget-divider--separator-type-pattern{--divider-border-style:none}.elementor-widget-divider--separator-type-pattern.elementor-widget-divider--view-line .elementor-divider-separator,.elementor-widget-divider--separator-type-pattern:not(.elementor-widget-divider--view-line) .elementor-divider-separator:after,.elementor-widget-divider--separator-type-pattern:not(.elementor-widget-divider--view-line) .elementor-divider-separator:before,.elementor-widget-divider--separator-type-pattern:not([class*=elementor-widget-divider--view]) .elementor-divider-separator{width:100%;min-height:var(--divider-pattern-height);-webkit-mask-size:var(--divider-pattern-size) 100%;mask-size:var(--divider-pattern-size) 100%;-webkit-mask-repeat:var(--divider-pattern-repeat);mask-repeat:var(--divider-pattern-repeat);background-color:var(--divider-color);-webkit-mask-image:var(--divider-pattern-url);mask-image:var(--divider-pattern-url)}.elementor-widget-divider--no-spacing{--divider-pattern-size:auto}.elementor-widget-divider--bg-round{--divider-pattern-repeat:round}.rtl .elementor-widget-divider .elementor-divider__text{direction:rtl}.e-con-inner>.elementor-widget-divider,.e-con>.elementor-widget-divider{width:var(--container-widget-width,100%);--flex-grow:var(--container-widget-flex-grow)}<\/style>\t\t<div class=\"elementor-divider\">\n\t\t\t<span class=\"elementor-divider-separator\">\n\t\t\t\t\t\t<\/span>\n\t\t<\/div>\n\t\t\t\t<\/div>\n\t\t\t\t<\/div>\n\t\t\t\t<div class=\"elementor-element elementor-element-9122289 elementor-widget elementor-widget-text-editor\" data-id=\"9122289\" data-element_type=\"widget\" data-widget_type=\"text-editor.default\">\n\t\t\t\t<div class=\"elementor-widget-container\">\n\t\t\t<style>\/*! elementor - v3.23.0 - 05-08-2024 *\/\n.elementor-widget-text-editor.elementor-drop-cap-view-stacked .elementor-drop-cap{background-color:#69727d;color:#fff}.elementor-widget-text-editor.elementor-drop-cap-view-framed .elementor-drop-cap{color:#69727d;border:3px solid;background-color:transparent}.elementor-widget-text-editor:not(.elementor-drop-cap-view-default) .elementor-drop-cap{margin-top:8px}.elementor-widget-text-editor:not(.elementor-drop-cap-view-default) .elementor-drop-cap-letter{width:1em;height:1em}.elementor-widget-text-editor .elementor-drop-cap{float:left;text-align:center;line-height:1;font-size:50px}.elementor-widget-text-editor .elementor-drop-cap-letter{display:inline-block}<\/style>\t\t\t\t<p>Cr\u0103ciunul \u00eencepe \u00een buc\u0103t\u0103rie. \u00cen fiecare an, \u00eenainte s\u0103 ajung\u0103 pe mas\u0103, s\u0103rb\u0103toarea trece mai \u00eent\u00e2i prin m\u00e2inile noastre.<\/p><p>\u00cen buc\u0103t\u0103ria Ramada Sibiu , Cr\u0103ciunul nu \u00eenseamn\u0103 produc\u021bie de serie, ci re\u021bete g\u0103tite cu r\u0103bdare, gust corect \u0219i respect pentru tradi\u021bie.<\/p><p>Fiecare preparat din acest meniu este g\u0103tit exact a\u0219a cum l-am face acas\u0103: cu grij\u0103, cu timp \u0219i cu aten\u021bia aia pe care o pui doar la m\u00e2ncarea de s\u0103rb\u0103toare. \u00cempreun\u0103 cu echipa Ramada Sibiu, Chef Romic\u0103 a ales pentru acest meniu re\u021bete clasice, u\u0219or reinterpretate, g\u00e2ndite special pentru a fi savurate acas\u0103, f\u0103r\u0103 compromisuri de gust sau calitate.<\/p>\t\t\t\t\t\t<\/div>\n\t\t\t\t<\/div>\n\t\t\t\t<div class=\"elementor-element elementor-element-08b36b0 elementor-widget-divider--view-line elementor-widget elementor-widget-divider\" data-id=\"08b36b0\" data-element_type=\"widget\" data-widget_type=\"divider.default\">\n\t\t\t\t<div class=\"elementor-widget-container\">\n\t\t\t\t\t<div class=\"elementor-divider\">\n\t\t\t<span class=\"elementor-divider-separator\">\n\t\t\t\t\t\t<\/span>\n\t\t<\/div>\n\t\t\t\t<\/div>\n\t\t\t\t<\/div>\n\t\t\t\t\t<\/div>\n\t\t\t\t<\/div>\n\t\t\t\t\t<\/div>\n\t\t\t\t<\/div>\n\t\t<div class=\"elementor-element elementor-element-f9c47e1 e-con-full e-flex e-con e-parent\" data-id=\"f9c47e1\" data-element_type=\"container\" data-settings=\"{&quot;background_background&quot;:&quot;classic&quot;}\">\n\t\t<div class=\"elementor-element elementor-element-279e9b4 e-con-full e-flex e-con e-child\" data-id=\"279e9b4\" data-element_type=\"container\" data-settings=\"{&quot;background_background&quot;:&quot;classic&quot;}\">\n\t\t\t\t<div class=\"elementor-element elementor-element-baec974 elementor-widget elementor-widget-heading\" data-id=\"baec974\" data-element_type=\"widget\" data-widget_type=\"heading.default\">\n\t\t\t\t<div class=\"elementor-widget-container\">\n\t\t\t<h2 class=\"elementor-heading-title elementor-size-default\">CR\u0102CIUN ACAS\u0102  <br><b><span style=\"color:#ce0538\">by Ramada sibiu<\/span>.<\/b><\/h2>\t\t<\/div>\n\t\t\t\t<\/div>\n\t\t\t\t<div class=\"elementor-element elementor-element-46ff996 elementor-widget__width-inherit elementor-widget elementor-widget-embedpress_pdf\" data-id=\"46ff996\" data-element_type=\"widget\" data-widget_type=\"embedpress_pdf.default\">\n\t\t\t\t<div class=\"elementor-widget-container\">\n\t\t\t    <div class=\"embedpress-document-embed ep-doc-1e279be58d34ea3d9c5b823aee3473cd ose-document emebedpress-unit-percent\" data-thememode=\"custom\" data-customcolor=\"#02010100\" data-toolbar=\"yes\" data-toolbar-position=\"top\" data-open=\"no\" data-presentation-mode=\"yes\" data-download=\"yes\" data-copy=\"yes\" data-add-image=\"yes\" data-rotate=\"yes\" data-details=\"yes\" data-id=\"embedpress-pdf-46ff996\" data-selection-tool=\"0\" data-scrolling=\"0\" data-spreads=\"-1\" style=\" max-width:100%; display: inline-block\">\n\n        \n                <div >\n\n                    <div id=\"ep-elementor-content-46ff996\" class=\"ep-elementor-content position-bottom-wraper  ep-percentage-width ep-content-share-enabled ep-share-position-bottom ep-content-protection-disabled\">\n                        <div id=\"46ff996\" class=\"ep-embed-content-wraper\">\n                            <div><iframe title=\"Craciun Acasa\" class=\"embedpress-embed-document-pdf embedpress-pdf-46ff996\" style=\"width: 1920%!important;height: 1080px;; max-width:100%; display: inline-block\" src=\"https:\/\/ramadasibiu.ro\/wp-admin\/admin-ajax.php?action=get_viewer&#038;file=https%3A%2F%2Framadasibiu.ro%2Fwp-content%2Fuploads%2F2025%2F12%2FCraciun-Acasa-by-Ramada-Sibiu-1.pdf&#038;scrolling=0&#038;selection_tool=0&#038;spreads=-1#key=dGhlbWVNb2RlPWN1c3RvbSZ0b29sYmFyPXRydWUmcG9zaXRpb249dG9wJnByZXNlbnRhdGlvbj10cnVlJmxhenlMb2FkPWZhbHNlJmRvd25sb2FkPXllcyZjb3B5X3RleHQ9eWVzJmFkZF90ZXh0PXRydWUmZHJhdz15ZXMmYWRkX2ltYWdlPXRydWUmcGRmX3JvdGF0aW9uPXRydWUmcGRmX2RldGFpbHM9dHJ1ZSZ6b29tX2luPXRydWUmem9vbV9vdXQ9dHJ1ZSZmaXRfdmlldz10cnVlJmJvb2ttYXJrPXRydWUmc291bmQ9dHJ1ZSZmbGlwYm9va190b29sYmFyX3Bvc2l0aW9uPWJvdHRvbSZzZWxlY3Rpb25fdG9vbD0wJnNjcm9sbGluZz0wJnNwcmVhZHM9LTEmaXNfcHJvX2FjdGl2ZT0xJmN1c3RvbUNvbG9yPSUyMzAyMDEwMTAw&#038;zoom=auto\" data-emid=\"embedpress-pdf-46ff996\" data-embed-type=\"PDF\" frameborder=\"0\"><\/iframe><\/div><div class=\"ep-social-share-wraper\" ><div class=\"ep-social-share share-position-bottom\"><a href=\"https:\/\/www.facebook.com\/sharer\/sharer.php?u=https%3A%2F%2Framadasibiu.ro%2Fen%2Fcraciun-acasa%2F%3Fhash%3D46ff996%26unique%3D6f8f34d3a259b050a989ba8ebbdf8d09\" class=\"ep-social-icon facebook\" target=\"_blank\">\n\t\t\t<svg width=\"64px\" height=\"64px\" fill=\"#000000\" viewbox=\"0 -6 512 512\" xmlns=\"http:\/\/www.w3.org\/2000\/svg\">\n\t\t\t<path d=\"M0 0h512v500H0z\" fill=\"#475a96\"\/>\n\t\t\t<path d=\"m375.72 112.55h-237.43c-8.137 0-14.73 6.594-14.73 14.73v237.43c0 8.135 6.594 14.73 14.73 14.73h127.83v-103.36h-34.781v-40.28h34.781v-29.705c0-34.473 21.055-53.244 51.807-53.244 14.73 0 27.391 1.097 31.08 1.587v36.026l-21.328 0.01c-16.725 0-19.963 7.947-19.963 19.609v25.717h39.887l-5.193 40.28h-34.693v103.36h68.012c8.135 0 14.73-6.596 14.73-14.73v-237.43c-1e-3 -8.137-6.596-14.73-14.731-14.73z\" fill=\"#fff\"\/>\n\t\t\t<\/svg>\n\t\t\t<\/a><a href=\"https:\/\/twitter.com\/intent\/tweet?url=https%3A%2F%2Framadasibiu.ro%2Fen%2Fcraciun-acasa%2F%3Fhash%3D46ff996%26unique%3D6f8f34d3a259b050a989ba8ebbdf8d09&text=Craciun+Acasa\" class=\"ep-social-icon twitter\" target=\"_blank\">\n\t\t\t\t<svg viewbox=\"0 0 24 24\" aria-hidden=\"true\" fill=\"#fff\" class=\"r-4qtqp9 r-yyyyoo r-dnmrzs r-bnwqim r-lrvibr r-m6rgpd r-lrsllp r-1nao33i r-16y2uox r-8kz0gk\"><g><path d=\"M18.244 2.25h3.308l-7.227 8.26 8.502 11.24H16.17l-5.214-6.817L4.99 21.75H1.68l7.73-8.835L1.254 2.25H8.08l4.713 6.231zm-1.161 17.52h1.833L7.084 4.126H5.117z\"><\/path><\/g><\/svg>\n\t\t\t<\/a><a href=\"http:\/\/pinterest.com\/pin\/create\/button\/?url=https%3A%2F%2Framadasibiu.ro%2Fen%2Fcraciun-acasa%2F%3Fhash%3D46ff996%26unique%3D6f8f34d3a259b050a989ba8ebbdf8d09&media=https%3A%2F%2Framadasibiu.ro%2Fwp-content%2Fplugins%2Felementor%2Fassets%2Fimages%2Fplaceholder.png&description=Craciun+Acasa\" class=\"ep-social-icon pinterest\" target=\"_blank\">\n\n\t\t\t\t<svg xmlns=\"http:\/\/www.w3.org\/2000\/svg\" height=\"800\" width=\"1200\" viewbox=\"-36.42015 -60.8 315.6413 364.8\"><path d=\"M121.5 0C54.4 0 0 54.4 0 121.5 0 173 32 217 77.2 234.7c-1.1-9.6-2-24.4.4-34.9 2.2-9.5 14.2-60.4 14.2-60.4s-3.6-7.3-3.6-18c0-16.9 9.8-29.5 22-29.5 10.4 0 15.4 7.8 15.4 17.1 0 10.4-6.6 26-10.1 40.5-2.9 12.1 6.1 22 18 22 21.6 0 38.2-22.8 38.2-55.6 0-29.1-20.9-49.4-50.8-49.4-34.6 0-54.9 25.9-54.9 52.7 0 10.4 4 21.6 9 27.7 1 1.2 1.1 2.3.8 3.5-.9 3.8-3 12.1-3.4 13.8-.5 2.2-1.8 2.7-4.1 1.6-15.2-7.1-24.7-29.2-24.7-47.1 0-38.3 27.8-73.5 80.3-73.5 42.1 0 74.9 30 74.9 70.2 0 41.9-26.4 75.6-63 75.6-12.3 0-23.9-6.4-27.8-14 0 0-6.1 23.2-7.6 28.9-2.7 10.6-10.1 23.8-15.1 31.9 11.4 3.5 23.4 5.4 36 5.4 67.1 0 121.5-54.4 121.5-121.5C243 54.4 188.6 0 121.5 0z\" fill=\"#fff\"\/><\/svg>\n\n\t\t\t<\/a><a href=\"https:\/\/www.linkedin.com\/shareArticle?mini=true&url=https%3A%2F%2Framadasibiu.ro%2Fen%2Fcraciun-acasa%2F%3Fhash%3D46ff996%26unique%3D6f8f34d3a259b050a989ba8ebbdf8d09\" class=\"ep-social-icon linkedin\" target=\"_blank\">\n\n\t\t\t<svg fill=\"#ffffff\" height=\"800px\" width=\"800px\" version=\"1.1\" id=\"Layer_1\" xmlns=\"http:\/\/www.w3.org\/2000\/svg\" xmlns:xlink=\"http:\/\/www.w3.org\/1999\/xlink\"\n\t\t\t\tviewbox=\"0 0 310 310\" xml:space=\"preserve\">\n\t\t\t<g id=\"XMLID_801_\">\n\t\t\t\t<path id=\"XMLID_802_\" d=\"M72.16,99.73H9.927c-2.762,0-5,2.239-5,5v199.928c0,2.762,2.238,5,5,5H72.16c2.762,0,5-2.238,5-5V104.73\t\t\t\t\tC77.16,101.969,74.922,99.73,72.16,99.73z\"\/>\n\t\t\t\t<path id=\"XMLID_803_\" d=\"M41.066,0.341C18.422,0.341,0,18.743,0,41.362C0,63.991,18.422,82.4,41.066,82.4\t\t\t\t\tc22.626,0,41.033-18.41,41.033-41.038C82.1,18.743,63.692,0.341,41.066,0.341z\"\/>\n\t\t\t\t<path id=\"XMLID_804_\" d=\"M230.454,94.761c-24.995,0-43.472,10.745-54.679,22.954V104.73c0-2.761-2.238-5-5-5h-59.599\t\t\t\t\tc-2.762,0-5,2.239-5,5v199.928c0,2.762,2.238,5,5,5h62.097c2.762,0,5-2.238,5-5v-98.918c0-33.333,9.054-46.319,32.29-46.319\t\t\t\t\tc25.306,0,27.317,20.818,27.317,48.034v97.204c0,2.762,2.238,5,5,5H305c2.762,0,5-2.238,5-5V194.995\t\t\t\t\tC310,145.43,300.549,94.761,230.454,94.761z\"\/>\n\t\t\t<\/g>\n\t\t\t<\/svg>\n\t\t<\/a><\/div><\/div>                        <\/div>\n\n                    <\/div>\n\n\n                   \n                <\/div>\n            \n    <\/div>\n\n\t\t<\/div>\n\t\t\t\t<\/div>\n\t\t\t\t<\/div>\n\t\t\t\t<\/div>\n\t\t\t\t<\/div>","protected":false},"excerpt":{"rendered":"<p>Noi g\u0103tim. Tu te bucuri de s\u0103rb\u0103toare. Cr\u0103ciunul \u00eencepe \u00een buc\u0103t\u0103rie. \u00cen fiecare an, \u00eenainte s\u0103 ajung\u0103 pe mas\u0103, s\u0103rb\u0103toarea trece mai \u00eent\u00e2i prin m\u00e2inile noastre. \u00cen buc\u0103t\u0103ria Ramada Sibiu , Cr\u0103ciunul nu \u00eenseamn\u0103 produc\u021bie de serie, ci re\u021bete g\u0103tite cu r\u0103bdare, gust corect \u0219i respect pentru tradi\u021bie. Fiecare preparat din acest meniu este g\u0103tit [&hellip;]<\/p>","protected":false},"author":3,"featured_media":0,"parent":0,"menu_order":0,"comment_status":"closed","ping_status":"closed","template":"","meta":{"footnotes":""},"class_list":["post-6125","page","type-page","status-publish","hentry"],"_links":{"self":[{"href":"https:\/\/ramadasibiu.ro\/en\/wp-json\/wp\/v2\/pages\/6125","targetHints":{"allow":["GET"]}}],"collection":[{"href":"https:\/\/ramadasibiu.ro\/en\/wp-json\/wp\/v2\/pages"}],"about":[{"href":"https:\/\/ramadasibiu.ro\/en\/wp-json\/wp\/v2\/types\/page"}],"author":[{"embeddable":true,"href":"https:\/\/ramadasibiu.ro\/en\/wp-json\/wp\/v2\/users\/3"}],"replies":[{"embeddable":true,"href":"https:\/\/ramadasibiu.ro\/en\/wp-json\/wp\/v2\/comments?post=6125"}],"version-history":[{"count":15,"href":"https:\/\/ramadasibiu.ro\/en\/wp-json\/wp\/v2\/pages\/6125\/revisions"}],"predecessor-version":[{"id":6141,"href":"https:\/\/ramadasibiu.ro\/en\/wp-json\/wp\/v2\/pages\/6125\/revisions\/6141"}],"wp:attachment":[{"href":"https:\/\/ramadasibiu.ro\/en\/wp-json\/wp\/v2\/media?parent=6125"}],"curies":[{"name":"wp","href":"https:\/\/api.w.org\/{rel}","templated":true}]}}